{"id":55,"date":"2020-09-18T12:51:53","date_gmt":"2020-09-18T12:51:53","guid":{"rendered":"https:\/\/test.4data.co.nz\/?page_id=55"},"modified":"2020-10-19T00:20:15","modified_gmt":"2020-10-19T00:20:15","slug":"scurt-istoric","status":"publish","type":"page","link":"https:\/\/biserica.nz\/?page_id=55","title":{"rendered":"Scurt Istoric"},"content":{"rendered":"\t\t<div data-elementor-type=\"wp-page\" data-elementor-id=\"55\" class=\"elementor elementor-55\">\n\t\t\t\t\t\t<section class=\"elementor-section elementor-top-section elementor-element elementor-element-1b8f9b85 elementor-section-boxed elementor-section-height-default elementor-section-height-default\" data-id=\"1b8f9b85\" data-element_type=\"section\">\n\t\t\t\t\t\t<div class=\"elementor-container elementor-column-gap-default\">\n\t\t\t\t\t<div class=\"elementor-column elementor-col-50 elementor-top-column elementor-element elementor-element-7ca428b\" data-id=\"7ca428b\" data-element_type=\"column\">\n\t\t\t<div class=\"elementor-widget-wrap elementor-element-populated\">\n\t\t\t\t\t\t<div class=\"elementor-element elementor-element-0e36a27 elementor-widget elementor-widget-heading\" data-id=\"0e36a27\" data-element_type=\"widget\" data-widget_type=\"heading.default\">\n\t\t\t\t<div class=\"elementor-widget-container\">\n\t\t\t\t\t<h2 class=\"elementor-heading-title elementor-size-default\">SCURT ISTORIC<\/h2>\t\t\t\t<\/div>\n\t\t\t\t<\/div>\n\t\t\t\t<div class=\"elementor-element elementor-element-e4b05f2 elementor-widget elementor-widget-text-editor\" data-id=\"e4b05f2\" data-element_type=\"widget\" data-widget_type=\"text-editor.default\">\n\t\t\t\t<div class=\"elementor-widget-container\">\n\t\t\t\t\t\t\t\t\t<div>\n<div data-style=\"{\" data-ratio=\"1\" data-ratio-direction=\"right\">\n<div data-weight=\"1\">\n<div data-index=\"0\" data-style=\"{\"><img fetchpriority=\"high\" decoding=\"async\" src=\"https:\/\/test.4data.co.nz\/wp-content\/uploads\/2020\/09\/1.jpg\" alt=\"\" width=\"960\" height=\"720\"><\/div>\n<\/div>\n<div data-style=\"{\" data-ratio=\"1\" data-ratio-direction=\"right\">\n<div data-weight=\"1\">\n<div data-index=\"1\" data-style=\"{\">\n<div>\n<p>Biserica<b> \u201cSf\u00e2ntul Ignatie Teoforul\u201d<\/b>&nbsp;a luat fiin\u021b\u0103 la sf\u00e2r\u0219itul anilor 1970 sub denumirea de \u201cSaint Ignatius Orthodox Mission in&nbsp;Auckland\u201d la ini\u021biativa unui mic grup de credincio\u0219i, printre ace\u0219tia \u0219i descenden\u021bi ai unor familii cre\u0219tine libaneze. Biserica a apar\u021binut canonic de Arhiepiscopia Antiohiei din Australia.<\/p>\n<p>\u00cen anul 1978 a fost \u00eenchiriat\u0103 o capel\u0103 in Carlton Gore Road de la \u201cMethodist Trust Board\u201d, iar apoi \u00een Grafton Road de la \u201cTrinity College Trust\u201d \u00een interiorul c\u0103reia s-au construit Sf\u00e2ntul Altar \u0219i Sf\u00e2nta Mas\u0103.<\/p>\n<p>\u00cen anul 1986 preotul Maurice Venville de la Biserica Anglicana \u201cSaint Jude\u201d a oferit capela \u201cSaint Christopher\u201d spre utilizare, pentru care in 1989 s-a \u00eencheiat un contract de \u00eenchiriere pe 5 ani cu \u201cGeneral Trust Board of Diocese of Auckland\u201d.<\/p>\n<p>P\u00e2n\u0103 \u00een 1987 Biserica nu a avut un preot titular, ocazional oficiind preotul Dusan Kurita de la Biserica Ortodox\u0103 S\u00e2rb\u0103.<\/p>\n<p>\u00cen perioada 1988-1992 a slujit preotul Ilian Eades din Dunedin.<\/p>\n<p><img decoding=\"async\" src=\"https:\/\/test.4data.co.nz\/wp-content\/uploads\/2020\/09\/a-1.jpg\" alt=\"\" width=\"400\" height=\"300\"><\/p>\n<p>\u00cencep\u00e2nd cu data de 15 iulie 1993 se produce un eveniment important in viata Bisericii, odat\u0103 cu hirotonirea preotului&nbsp;Mihail Coumbias&nbsp;ca preot titular al parohiei \u201cSf\u00e2ntul Ignatie Teoforul\u201d.<\/p>\n\n<p>P\u0103rintele Mihail Coumbias a fost de na\u021bionalitate greac\u0103, dar n\u0103scut in Rom\u00e2nia. A emigrat \u00een Noua Zeeland\u0103 \u00een urm\u0103 cu 55 de ani \u0219i a s\u0103v\u00e2r\u0219it serviciul divin dup\u0103 ritul ortodox. A fost hirotonit in 1992 de c\u0103tre Arhiepiscopul Gibran.<\/p>\n<p>P\u0103rintele Michael \u00eempreuna cu consiliul parohial au dorit s\u0103 fac\u0103 trecerea parohiei sub jurisdictia canonic\u0103 a Patriarhiei Rom\u00e2ne.<\/p>\n\n<p>Sf\u00e2ntul Sinod al Bisericii Ortodoxe Rom\u00e2ne a hot\u0103r\u00e2t \u00eenfiin\u021barea Episcopiei Ortodoxe Rom\u00e2ne a Australiei \u0219i Noii Zeelande \u00een anul 2007. La 29 iunie 2008&nbsp;a fost instalat \u00een tronul de episcop<b>&nbsp;<\/b>Preasfin\u021bitul P\u0103rinte Dr. Mihail Filimon<b>.<\/b><\/p>\n<p>La&nbsp;1 iunie 2008 Preasfin\u021bitul P\u0103rinte Dr. Mihail Filimon a f\u0103cut o vizit\u0103 canonic\u0103 in Noua Zeeland\u0103, prilej cu care a oficiat Sf\u00e2nta Liturghie \u00eempreuna cu P.C.Pr. Michael la parohia de la Auckland.&nbsp;In luna iulie 2008, Parintel Michael a trecut la cele ve\u0219nice.<\/p>\n<p><img decoding=\"async\" src=\"https:\/\/test.4data.co.nz\/wp-content\/uploads\/2020\/09\/b-1.jpg\" alt=\"\" width=\"450\" height=\"299\"><\/p>\n<p>Preasfin\u021bitul P\u0103rinte Dr. Mihail, Episcopul Episcopiei Ortodoxe Rom\u00e2ne a Australiei \u0219i Noii Zeelande, \u00een conlucrare cu consiliul parohial (trust board)<b> <\/b>\u00een luna septembrie 2008&nbsp;a numit \u00een postul de preot paroh al bisericii&nbsp;\u201cSfantul Ignatie Teoforul\u201d<b>&nbsp;<\/b>pe<b>&nbsp;<\/b>P.C.Pr. Mihai Mircea Corpodean<b>.<\/b>&nbsp;Dup\u0103 ob\u021binerea vizei religioase P.C.Pr. Mihai Mircea Corpodean s-a prezentat la parohie, fiind prezentat credincio\u0219ilor \u0219i instalat ca p\u0103rinte duhovnicesc al acestei comunit\u0103\u021bi de c\u0103tre Preasfin\u021bia Sa la data de<b>&nbsp;<\/b>8 martie 2009.<\/p><p>\u00cen prezent cei mai mul\u021bi dintre enoria\u0219ii care particip\u0103 la Sf\u00e2nta \nLiturghie sunt rom\u00e2ni ortodocsi, stabili\u021bi \u00een Auckland \u0219i care \nm\u0103rturisesc credin\u021ba ortodox\u0103 str\u0103bun\u0103.<\/p><p>In Auckland se afl\u0103 cea mai mare comunitate rom\u00e2neasc\u0103 din Noua \nZeeland\u0103 \u0219i, de aceea consider\u0103m c\u0103 o biseric\u0103 rom\u00e2neasc\u0103 aici este \nnecesar\u0103 pentru to\u021bi rom\u00e2nii stabili\u021bi \u00een ora\u0219. Copiii sunt botezati \u0219i \ncrescu\u021bi \u00een religia ortodox\u0103, fiind legati spiritual de Biserica \nOrtodox\u0103 Rom\u00e2n\u0103 str\u0103mo\u0219easc\u0103.<\/p>\n<p><\/p>\n<\/div>\n<\/div>\n<\/div>\n<\/div>\n<\/div>\n<\/div>\t\t\t\t\t\t\t\t<\/div>\n\t\t\t\t<\/div>\n\t\t\t\t\t<\/div>\n\t\t<\/div>\n\t\t\t\t<div class=\"elementor-column elementor-col-50 elementor-top-column elementor-element elementor-element-ff4ec71\" data-id=\"ff4ec71\" data-element_type=\"column\">\n\t\t\t<div class=\"elementor-widget-wrap elementor-element-populated\">\n\t\t\t\t\t\t<div class=\"elementor-element elementor-element-9fb4e40 elementor-widget elementor-widget-sidebar\" data-id=\"9fb4e40\" data-element_type=\"widget\" data-widget_type=\"sidebar.default\">\n\t\t\t\t<div class=\"elementor-widget-container\">\n\t\t\t\t\t<aside id=\"gtranslate-2\" class=\"widget widget_gtranslate\"><h3 class=\"widget-title\">Translate in your language<\/h3><div class=\"gtranslate_wrapper\" id=\"gt-wrapper-73049551\"><\/div><\/aside><aside id=\"custom_html-3\" class=\"widget_text widget widget_custom_html\"><h3 class=\"widget-title\">Sf\u00e2ntul Zilei<\/h3><div class=\"textwidget custom-html-widget\"><table width=\"100%\" class=\"doxo-table\"><tr><td ><div  class=\"w-border \"><script type=\"text\/javascript\">widgetContext_417c8830427f = {\"widgetid\":\"web_widgets_inline_602b4679437414a28c163b73154c8142\"};<\/script><script src=\"https:\/\/doxologia.ro\/doxowidgetcalendar\"><\/script><div class=\"doxowidgetcalendar\" id=\"web_widgets_inline_602b4679437414a28c163b73154c8142\"><\/div><\/div><\/td><\/tr><\/table><\/div><\/aside>\t\t\t\t<\/div>\n\t\t\t\t<\/div>\n\t\t\t\t\t<\/div>\n\t\t<\/div>\n\t\t\t\t\t<\/div>\n\t\t<\/section>\n\t\t\t\t<section class=\"elementor-section elementor-top-section elementor-element elementor-element-311f5a1 elementor-section-boxed elementor-section-height-default elementor-section-height-default\" data-id=\"311f5a1\" data-element_type=\"section\">\n\t\t\t\t\t\t<div class=\"elementor-container elementor-column-gap-default\">\n\t\t\t\t\t<div class=\"elementor-column elementor-col-66 elementor-top-column elementor-element elementor-element-a61fd93\" data-id=\"a61fd93\" data-element_type=\"column\">\n\t\t\t<div class=\"elementor-widget-wrap\">\n\t\t\t\t\t\t\t<\/div>\n\t\t<\/div>\n\t\t\t\t<div class=\"elementor-column elementor-col-33 elementor-top-column elementor-element elementor-element-d4f1668\" data-id=\"d4f1668\" data-element_type=\"column\">\n\t\t\t<div class=\"elementor-widget-wrap\">\n\t\t\t\t\t\t\t<\/div>\n\t\t<\/div>\n\t\t\t\t\t<\/div>\n\t\t<\/section>\n\t\t\t\t<\/div>\n\t\t","protected":false},"excerpt":{"rendered":"<p>SCURT ISTORIC Biserica \u201cSf\u00e2ntul Ignatie Teoforul\u201d&nbsp;a luat fiin\u021b\u0103 la sf\u00e2r\u0219itul anilor 1970 sub denumirea de \u201cSaint Ignatius Orthodox Mission in&nbsp;Auckland\u201d la ini\u021biativa unui mic grup de credincio\u0219i, printre ace\u0219tia \u0219i descenden\u021bi ai unor familii cre\u0219tine libaneze. Biserica a apar\u021binut canonic de Arhiepiscopia Antiohiei din Australia. \u00cen anul 1978 a fost \u00eenchiriat\u0103 o capel\u0103 in Carlton Gore Road de la \u201cMethodist Trust Board\u201d, iar apoi \u00een Grafton Road de la \u201cTrinity College Trust\u201d \u00een interiorul c\u0103reia s-au construit Sf\u00e2ntul Altar \u0219i Sf\u00e2nta Mas\u0103. \u00cen anul 1986 preotul Maurice Venville de la Biserica Anglicana \u201cSaint Jude\u201d a oferit capela \u201cSaint Christopher\u201d spre [&hellip;]<\/p>\n","protected":false},"author":1,"featured_media":0,"parent":0,"menu_order":0,"comment_status":"closed","ping_status":"closed","template":"","meta":{"episode_type":"","audio_file":"","podmotor_file_id":"","podmotor_episode_id":"","cover_image":"","cover_image_id":"","duration":"","filesize":"","filesize_raw":"","date_recorded":"","explicit":"","block":"","footnotes":""},"class_list":["post-55","page","type-page","status-publish","hentry","post"],"_links":{"self":[{"href":"https:\/\/biserica.nz\/index.php?rest_route=\/wp\/v2\/pages\/55","targetHints":{"allow":["GET"]}}],"collection":[{"href":"https:\/\/biserica.nz\/index.php?rest_route=\/wp\/v2\/pages"}],"about":[{"href":"https:\/\/biserica.nz\/index.php?rest_route=\/wp\/v2\/types\/page"}],"author":[{"embeddable":true,"href":"https:\/\/biserica.nz\/index.php?rest_route=\/wp\/v2\/users\/1"}],"replies":[{"embeddable":true,"href":"https:\/\/biserica.nz\/index.php?rest_route=%2Fwp%2Fv2%2Fcomments&post=55"}],"version-history":[{"count":0,"href":"https:\/\/biserica.nz\/index.php?rest_route=\/wp\/v2\/pages\/55\/revisions"}],"wp:attachment":[{"href":"https:\/\/biserica.nz\/index.php?rest_route=%2Fwp%2Fv2%2Fmedia&parent=55"}],"curies":[{"name":"wp","href":"https:\/\/api.w.org\/{rel}","templated":true}]}}