{"id":482,"date":"2020-11-28T16:53:29","date_gmt":"2020-11-28T03:53:29","guid":{"rendered":"https:\/\/biserica.nz\/?page_id=482"},"modified":"2024-07-03T21:38:46","modified_gmt":"2024-07-03T09:38:46","slug":"scoala-parohiala-2","status":"publish","type":"page","link":"https:\/\/biserica.nz\/?page_id=482","title":{"rendered":"\u0218coala parohial\u0103"},"content":{"rendered":"<p>\u00a0 Copiii enoria\u0219ilor \u00eenscri\u0219i \u00een parohie sunt bineveni\u021bi s\u0103 se \u00eenscrie la \u0219coala parohial\u0103. Lec\u021biile se desf\u0103\u0219oar\u0103 la biseric\u0103, Duminica, \u00een timpul slujbei.<\/p>\n<p style=\"text-align: center;\"><a href=\"https:\/\/biserica.nz\/?p=307\">Inscriere in Scoala Parohiala<\/a><\/p>\n\n<ul class=\"wp-block-latest-posts__list wp-block-latest-posts\"><li><div class=\"wp-block-latest-posts__featured-image alignleft\"><img decoding=\"async\" width=\"150\" height=\"150\" src=\"https:\/\/biserica.nz\/wp-content\/uploads\/2021\/04\/55041f39cf3763a63c87f046d82f94db-150x150.jpg\" class=\"attachment-thumbnail size-thumbnail wp-post-image\" alt=\"\" style=\"\" \/><\/div><a class=\"wp-block-latest-posts__post-title\" href=\"https:\/\/biserica.nz\/?p=858\">Sf. Maria Egipteanca &#8211; 17.04.2021<\/a><div class=\"wp-block-latest-posts__post-excerpt\">Copiii au vizionat un video despre viata Sf. Maria Egipteanca invatand despre cum aceasta femeie pacatoasa a reusit sa-l cunoasca pe Dumnezeu si sa-si schimbe restul vietii prin post si rugaciune.<\/div><\/li>\n<li><div class=\"wp-block-latest-posts__featured-image alignleft\"><img decoding=\"async\" width=\"150\" height=\"150\" src=\"https:\/\/biserica.nz\/wp-content\/uploads\/2021\/01\/10leprosi-150x150.jpg\" class=\"attachment-thumbnail size-thumbnail wp-post-image\" alt=\"\" style=\"\" \/><\/div><a class=\"wp-block-latest-posts__post-title\" href=\"https:\/\/biserica.nz\/?p=736\">Vindecarea celor 10 leprosi &#8211; 17.01.2021<\/a><div class=\"wp-block-latest-posts__post-excerpt\">In aceasta Duminica, copii au aflat din pilda celor 10 leprosi &#8211; ce este recunostinta, &#8211; ce inseamna sa fi bolnav, &#8211; cum sa multumim lui Dumnezeu pentru cele mai de pret daruri primite &#8211; viata si sanatatea,<\/div><\/li>\n<li><div class=\"wp-block-latest-posts__featured-image alignleft\"><img decoding=\"async\" width=\"150\" height=\"150\" src=\"https:\/\/biserica.nz\/wp-content\/uploads\/2021\/01\/botezul_domnului_1-150x150.jpg\" class=\"attachment-thumbnail size-thumbnail wp-post-image\" alt=\"\" style=\"\" \/><\/div><a class=\"wp-block-latest-posts__post-title\" href=\"https:\/\/biserica.nz\/?p=729\">Botezul Domnului (10.01.2021)<\/a><div class=\"wp-block-latest-posts__post-excerpt\">In aceasta Duminica, copii au invatat despre Botezul Domnului in raul Iordan si semnificatia acestuia.<\/div><\/li>\n<li><div class=\"wp-block-latest-posts__featured-image alignleft\"><img loading=\"lazy\" decoding=\"async\" width=\"150\" height=\"150\" src=\"https:\/\/biserica.nz\/wp-content\/uploads\/2020\/12\/DSC_0051-150x150.jpg\" class=\"attachment-thumbnail size-thumbnail wp-post-image\" alt=\"\" style=\"\" \/><\/div><a class=\"wp-block-latest-posts__post-title\" href=\"https:\/\/biserica.nz\/?p=640\">Na\u0219terea Pruncului Iisus &#8211; scenet\u0103 interpretat\u0103 de copiii \u0218colii Parohiale<\/a><div class=\"wp-block-latest-posts__post-excerpt\">Odat\u0103 cu s\u0103rb\u0103torirea hramului parohiei noastre &#8220;Sf\u00e2ntul Sfin\u021bit Ignatie Teoforul&#8221;, copiii \u0218colii Parohiale ne-au preg\u0103tit o surpriz\u0103 frumoas\u0103 \u0219i anume sceneta Na\u0219terii Pruncului Iisus, o adaptare dup\u0103 &#8220;Vicleimul&#8221; lui Mircea Vulc\u0103nescu. Pe l\u00e2ng\u0103 activit\u0103\u021bile derulate \u00een cadrul \u0218colii Parohiale, copiii au f\u0103cut repeti\u021bii pentru aceast\u0103 scenet\u0103 coordona\u021bi find de Bianca Sava si Corina Arma\u0219u. La\u2026 <a class=\"wp-block-latest-posts__read-more\" href=\"https:\/\/biserica.nz\/?p=640\" rel=\"noopener noreferrer\">Read more<span class=\"screen-reader-text\">: Na\u0219terea Pruncului Iisus &#8211; scenet\u0103 interpretat\u0103 de copiii \u0218colii Parohiale<\/span><\/a><\/div><\/li>\n<li><div class=\"wp-block-latest-posts__featured-image alignleft\"><img loading=\"lazy\" decoding=\"async\" width=\"150\" height=\"150\" src=\"https:\/\/biserica.nz\/wp-content\/uploads\/2020\/12\/sf-Nicolae-1-150x150.jpg\" class=\"attachment-thumbnail size-thumbnail wp-post-image\" alt=\"\" style=\"\" \/><\/div><a class=\"wp-block-latest-posts__post-title\" href=\"https:\/\/biserica.nz\/?p=579\">Sfantul Nicolae (6 decembrie 2020)<\/a><div class=\"wp-block-latest-posts__post-excerpt\">Tema acestei Duminici a fost Sfantul Nicolae. Copii au \u00eenv\u0103\u021bat despre Sf\u00e2ntul Nicolae, \u0219i au colorat Icoana Sf\u00e2ntului Nicolae. Totodat\u0103, au preg\u0103tit un cadou pentru p\u0103rin\u021bi, color\u00e2nd fiecare c\u00e2te o Cruce de lemn preg\u0103tit\u0103 de p\u0103rintele Mircea Corpodean. Pe l\u00e2ng\u0103 toate acestea, ei au continuat \u0219i repeti\u021biile pentru sceneta de Cr\u0103ciun, incluz\u00e2nd colindul &#8220;Ast\u0103zi s-a\u2026 <a class=\"wp-block-latest-posts__read-more\" href=\"https:\/\/biserica.nz\/?p=579\" rel=\"noopener noreferrer\">Read more<span class=\"screen-reader-text\">: Sfantul Nicolae (6 decembrie 2020)<\/span><\/a><\/div><\/li>\n<\/ul>","protected":false},"excerpt":{"rendered":"<p>\u00a0 Copiii enoria\u0219ilor \u00eenscri\u0219i \u00een parohie sunt bineveni\u021bi s\u0103 se \u00eenscrie la \u0219coala parohial\u0103. Lec\u021biile se desf\u0103\u0219oar\u0103 la biseric\u0103, Duminica, \u00een timpul slujbei. Inscriere in Scoala Parohiala<\/p>\n","protected":false},"author":3,"featured_media":0,"parent":0,"menu_order":0,"comment_status":"closed","ping_status":"closed","template":"","meta":{"episode_type":"","audio_file":"","cover_image":"","cover_image_id":"","duration":"","filesize":"","date_recorded":"","explicit":"","block":"","filesize_raw":"","footnotes":""},"class_list":["post-482","page","type-page","status-publish","hentry","post"],"_links":{"self":[{"href":"https:\/\/biserica.nz\/index.php?rest_route=\/wp\/v2\/pages\/482","targetHints":{"allow":["GET"]}}],"collection":[{"href":"https:\/\/biserica.nz\/index.php?rest_route=\/wp\/v2\/pages"}],"about":[{"href":"https:\/\/biserica.nz\/index.php?rest_route=\/wp\/v2\/types\/page"}],"author":[{"embeddable":true,"href":"https:\/\/biserica.nz\/index.php?rest_route=\/wp\/v2\/users\/3"}],"replies":[{"embeddable":true,"href":"https:\/\/biserica.nz\/index.php?rest_route=%2Fwp%2Fv2%2Fcomments&post=482"}],"version-history":[{"count":1,"href":"https:\/\/biserica.nz\/index.php?rest_route=\/wp\/v2\/pages\/482\/revisions"}],"predecessor-version":[{"id":1236,"href":"https:\/\/biserica.nz\/index.php?rest_route=\/wp\/v2\/pages\/482\/revisions\/1236"}],"wp:attachment":[{"href":"https:\/\/biserica.nz\/index.php?rest_route=%2Fwp%2Fv2%2Fmedia&parent=482"}],"curies":[{"name":"wp","href":"https:\/\/api.w.org\/{rel}","templated":true}]}}